{"id":126,"date":"2022-05-26T13:14:52","date_gmt":"2022-05-26T13:14:52","guid":{"rendered":"https:\/\/qualitywood.it\/?page_id=126"},"modified":"2022-06-16T16:15:19","modified_gmt":"2022-06-16T16:15:19","slug":"decking","status":"publish","type":"page","link":"https:\/\/qualitywood.it\/index.php\/decking\/","title":{"rendered":"Decking"},"content":{"rendered":"\t\t<div data-elementor-type=\"wp-page\" data-elementor-id=\"126\" class=\"elementor elementor-126\" data-elementor-post-type=\"page\">\n\t\t\t\t\t\t<section class=\"elementor-section elementor-top-section elementor-element elementor-element-963fd41 elementor-section-height-min-height elementor-section-boxed elementor-section-height-default elementor-section-items-middle\" data-id=\"963fd41\" data-element_type=\"section\" data-e-type=\"section\" data-settings=\"{&quot;background_background&quot;:&quot;classic&quot;}\">\n\t\t\t\t\t\t\t<div class=\"elementor-background-overlay\"><\/div>\n\t\t\t\t\t\t\t<div class=\"elementor-container elementor-column-gap-default\">\n\t\t\t\t\t<div class=\"elementor-column elementor-col-100 elementor-top-column elementor-element elementor-element-132aa59\" data-id=\"132aa59\" data-element_type=\"column\" data-e-type=\"column\">\n\t\t\t<div class=\"elementor-widget-wrap elementor-element-populated\">\n\t\t\t\t\t\t<div class=\"elementor-element elementor-element-773753e elementor-hidden-mobile elementor-widget elementor-widget-heading\" data-id=\"773753e\" data-element_type=\"widget\" data-e-type=\"widget\" data-widget_type=\"heading.default\">\n\t\t\t\t<div class=\"elementor-widget-container\">\n\t\t\t\t\t<h2 class=\"elementor-heading-title elementor-size-default\">Decking<\/h2>\t\t\t\t<\/div>\n\t\t\t\t<\/div>\n\t\t\t\t\t<\/div>\n\t\t<\/div>\n\t\t\t\t\t<\/div>\n\t\t<\/section>\n\t\t\t\t<section class=\"elementor-section elementor-top-section elementor-element elementor-element-ebe5bc7 elementor-section-content-middle elementor-section-boxed elementor-section-height-default elementor-section-height-default\" data-id=\"ebe5bc7\" data-element_type=\"section\" data-e-type=\"section\">\n\t\t\t\t\t\t<div class=\"elementor-container elementor-column-gap-no\">\n\t\t\t\t\t<div class=\"elementor-column elementor-col-50 elementor-top-column elementor-element elementor-element-3f7426d7\" data-id=\"3f7426d7\" data-element_type=\"column\" data-e-type=\"column\">\n\t\t\t<div class=\"elementor-widget-wrap elementor-element-populated\">\n\t\t\t\t\t\t<div class=\"elementor-element elementor-element-177d6be3 elementor-skin-carousel elementor-widget elementor-widget-media-carousel\" data-id=\"177d6be3\" data-element_type=\"widget\" data-e-type=\"widget\" data-settings=\"{&quot;space_between&quot;:{&quot;unit&quot;:&quot;px&quot;,&quot;size&quot;:8,&quot;sizes&quot;:[]},&quot;slides_per_view&quot;:&quot;1&quot;,&quot;skin&quot;:&quot;carousel&quot;,&quot;effect&quot;:&quot;slide&quot;,&quot;speed&quot;:500,&quot;autoplay&quot;:&quot;yes&quot;,&quot;autoplay_speed&quot;:5000,&quot;loop&quot;:&quot;yes&quot;,&quot;pause_on_hover&quot;:&quot;yes&quot;,&quot;pause_on_interaction&quot;:&quot;yes&quot;,&quot;space_between_tablet&quot;:{&quot;unit&quot;:&quot;px&quot;,&quot;size&quot;:10,&quot;sizes&quot;:[]},&quot;space_between_mobile&quot;:{&quot;unit&quot;:&quot;px&quot;,&quot;size&quot;:10,&quot;sizes&quot;:[]}}\" data-widget_type=\"media-carousel.default\">\n\t\t\t\t<div class=\"elementor-widget-container\">\n\t\t\t\t\t\t\t\t\t<div class=\"elementor-swiper\">\n\t\t\t\t\t<div class=\"elementor-main-swiper swiper\" role=\"region\" aria-roledescription=\"carousel\" aria-label=\"Slides\">\n\t\t\t\t<div class=\"swiper-wrapper\">\n\t\t\t\t\t\t\t\t\t\t\t<div class=\"swiper-slide\" role=\"group\" aria-roledescription=\"slide\">\n\t\t\t\t\t\t\t\t\t<div class=\"elementor-carousel-image\" role=\"img\" aria-label=\"IMG_20210701_172045\" style=\"background-image: url(&#039;https:\/\/qualitywood.it\/wp-content\/uploads\/2022\/06\/IMG_20210701_172045-scaled-e1655394560914.webp&#039;)\">\n\n\t\t\t\n\t\t\t\t\t<\/div>\n\t\t\t\t\t\t\t\t<\/div>\n\t\t\t\t\t\t\t\t\t\t\t<div class=\"swiper-slide\" role=\"group\" aria-roledescription=\"slide\">\n\t\t\t\t\t\t\t\t\t<div class=\"elementor-carousel-image\" role=\"img\" aria-label=\"IMG_20220303_144809\" style=\"background-image: url(&#039;https:\/\/qualitywood.it\/wp-content\/uploads\/2022\/06\/IMG_20220303_144809-scaled-e1655395102376.webp&#039;)\">\n\n\t\t\t\n\t\t\t\t\t<\/div>\n\t\t\t\t\t\t\t\t<\/div>\n\t\t\t\t\t\t\t\t\t\t\t<div class=\"swiper-slide\" role=\"group\" aria-roledescription=\"slide\">\n\t\t\t\t\t\t\t\t\t<div class=\"elementor-carousel-image\" role=\"img\" aria-label=\"IMG_20220303_144530\" style=\"background-image: url(&#039;https:\/\/qualitywood.it\/wp-content\/uploads\/2022\/06\/IMG_20220303_144530-scaled-e1655395127118.webp&#039;)\">\n\n\t\t\t\n\t\t\t\t\t<\/div>\n\t\t\t\t\t\t\t\t<\/div>\n\t\t\t\t\t\t\t\t\t\t\t<div class=\"swiper-slide\" role=\"group\" aria-roledescription=\"slide\">\n\t\t\t\t\t\t\t\t\t<div class=\"elementor-carousel-image\" role=\"img\" aria-label=\"IMG_20210923_175027\" style=\"background-image: url(&#039;https:\/\/qualitywood.it\/wp-content\/uploads\/2022\/06\/IMG_20210923_175027-scaled-e1655395218627.webp&#039;)\">\n\n\t\t\t\n\t\t\t\t\t<\/div>\n\t\t\t\t\t\t\t\t<\/div>\n\t\t\t\t\t\t\t\t\t\t\t<div class=\"swiper-slide\" role=\"group\" aria-roledescription=\"slide\">\n\t\t\t\t\t\t\t\t\t<div class=\"elementor-carousel-image\" role=\"img\" aria-label=\"IMG_20210701_172013\" style=\"background-image: url(&#039;https:\/\/qualitywood.it\/wp-content\/uploads\/2022\/06\/IMG_20210701_172013-scaled-e1655395403748.webp&#039;)\">\n\n\t\t\t\n\t\t\t\t\t<\/div>\n\t\t\t\t\t\t\t\t<\/div>\n\t\t\t\t\t\t\t\t\t\t\t<div class=\"swiper-slide\" role=\"group\" aria-roledescription=\"slide\">\n\t\t\t\t\t\t\t\t\t<div class=\"elementor-carousel-image\" role=\"img\" aria-label=\"IMG_20220502_094157\" style=\"background-image: url(&#039;https:\/\/qualitywood.it\/wp-content\/uploads\/2022\/06\/IMG_20220502_094157-scaled-e1655395061346.webp&#039;)\">\n\n\t\t\t\n\t\t\t\t\t<\/div>\n\t\t\t\t\t\t\t\t<\/div>\n\t\t\t\t\t\t\t\t\t\t\t<div class=\"swiper-slide\" role=\"group\" aria-roledescription=\"slide\">\n\t\t\t\t\t\t\t\t\t<div class=\"elementor-carousel-image\" role=\"img\" aria-label=\"IMG_20210701_172737\" style=\"background-image: url(&#039;https:\/\/qualitywood.it\/wp-content\/uploads\/2022\/06\/IMG_20210701_172737-scaled-e1655395361602.webp&#039;)\">\n\n\t\t\t\n\t\t\t\t\t<\/div>\n\t\t\t\t\t\t\t\t<\/div>\n\t\t\t\t\t\t\t\t\t\t\t<div class=\"swiper-slide\" role=\"group\" aria-roledescription=\"slide\">\n\t\t\t\t\t\t\t\t\t<div class=\"elementor-carousel-image\" role=\"img\" aria-label=\"IMG_20210701_172715\" style=\"background-image: url(&#039;https:\/\/qualitywood.it\/wp-content\/uploads\/2022\/06\/IMG_20210701_172715-scaled-e1655395374447.webp&#039;)\">\n\n\t\t\t\n\t\t\t\t\t<\/div>\n\t\t\t\t\t\t\t\t<\/div>\n\t\t\t\t\t\t\t\t\t\t\t<div class=\"swiper-slide\" role=\"group\" aria-roledescription=\"slide\">\n\t\t\t\t\t\t\t\t\t<div class=\"elementor-carousel-image\" role=\"img\" aria-label=\"IMG_20210701_102004\" style=\"background-image: url(&#039;https:\/\/qualitywood.it\/wp-content\/uploads\/2022\/06\/IMG_20210701_102004-scaled-e1655395435661.webp&#039;)\">\n\n\t\t\t\n\t\t\t\t\t<\/div>\n\t\t\t\t\t\t\t\t<\/div>\n\t\t\t\t\t\t\t\t\t\t\t<div class=\"swiper-slide\" role=\"group\" aria-roledescription=\"slide\">\n\t\t\t\t\t\t\t\t\t<div class=\"elementor-carousel-image\" role=\"img\" aria-label=\"IMG_20211210_202028-1\" style=\"background-image: url(&#039;https:\/\/qualitywood.it\/wp-content\/uploads\/2022\/06\/IMG_20211210_202028-1-scaled-e1655395183249.webp&#039;)\">\n\n\t\t\t\n\t\t\t\t\t<\/div>\n\t\t\t\t\t\t\t\t<\/div>\n\t\t\t\t\t\t\t\t\t\t\t<div class=\"swiper-slide\" role=\"group\" aria-roledescription=\"slide\">\n\t\t\t\t\t\t\t\t\t<div class=\"elementor-carousel-image\" role=\"img\" aria-label=\"IMG_20210301_151557\" style=\"background-image: url(&#039;https:\/\/qualitywood.it\/wp-content\/uploads\/2022\/06\/IMG_20210301_151557-scaled-e1655395563561.webp&#039;)\">\n\n\t\t\t\n\t\t\t\t\t<\/div>\n\t\t\t\t\t\t\t\t<\/div>\n\t\t\t\t\t\t\t\t\t\t\t<div class=\"swiper-slide\" role=\"group\" aria-roledescription=\"slide\">\n\t\t\t\t\t\t\t\t\t<div class=\"elementor-carousel-image\" role=\"img\" aria-label=\"IMG_20200828_104920\" style=\"background-image: url(&#039;https:\/\/qualitywood.it\/wp-content\/uploads\/2022\/06\/IMG_20200828_104920-scaled-e1655395750637.webp&#039;)\">\n\n\t\t\t\n\t\t\t\t\t<\/div>\n\t\t\t\t\t\t\t\t<\/div>\n\t\t\t\t\t\t\t\t\t\t\t<div class=\"swiper-slide\" role=\"group\" aria-roledescription=\"slide\">\n\t\t\t\t\t\t\t\t\t<div class=\"elementor-carousel-image\" role=\"img\" aria-label=\"IMG_20220303_144626\" style=\"background-image: url(&#039;https:\/\/qualitywood.it\/wp-content\/uploads\/2022\/06\/IMG_20220303_144626-scaled-e1655395114365.webp&#039;)\">\n\n\t\t\t\n\t\t\t\t\t<\/div>\n\t\t\t\t\t\t\t\t<\/div>\n\t\t\t\t\t\t\t\t\t\t\t<div class=\"swiper-slide\" role=\"group\" aria-roledescription=\"slide\">\n\t\t\t\t\t\t\t\t\t<div class=\"elementor-carousel-image\" role=\"img\" aria-label=\"IMG_20211210_081355\" style=\"background-image: url(&#039;https:\/\/qualitywood.it\/wp-content\/uploads\/2022\/06\/IMG_20211210_081355-scaled-e1655395206636.webp&#039;)\">\n\n\t\t\t\n\t\t\t\t\t<\/div>\n\t\t\t\t\t\t\t\t<\/div>\n\t\t\t\t\t\t\t\t\t\t\t<div class=\"swiper-slide\" role=\"group\" aria-roledescription=\"slide\">\n\t\t\t\t\t\t\t\t\t<div class=\"elementor-carousel-image\" role=\"img\" aria-label=\"IMG_20191130_142258\" style=\"background-image: url(&#039;https:\/\/qualitywood.it\/wp-content\/uploads\/2022\/06\/IMG_20191130_142258-scaled.webp&#039;)\">\n\n\t\t\t\n\t\t\t\t\t<\/div>\n\t\t\t\t\t\t\t\t<\/div>\n\t\t\t\t\t\t\t\t\t\t\t<div class=\"swiper-slide\" role=\"group\" aria-roledescription=\"slide\">\n\t\t\t\t\t\t\t\t\t<div class=\"elementor-carousel-image\" role=\"img\" aria-label=\"IMG_20191130_142226\" style=\"background-image: url(&#039;https:\/\/qualitywood.it\/wp-content\/uploads\/2022\/06\/IMG_20191130_142226-scaled.webp&#039;)\">\n\n\t\t\t\n\t\t\t\t\t<\/div>\n\t\t\t\t\t\t\t\t<\/div>\n\t\t\t\t\t\t\t\t\t\t\t<div class=\"swiper-slide\" role=\"group\" aria-roledescription=\"slide\">\n\t\t\t\t\t\t\t\t\t<div class=\"elementor-carousel-image\" role=\"img\" aria-label=\"57504039_851293261901091_5940593614714306560_n\" style=\"background-image: url(&#039;https:\/\/qualitywood.it\/wp-content\/uploads\/2022\/05\/57504039_851293261901091_5940593614714306560_n.jpg&#039;)\">\n\n\t\t\t\n\t\t\t\t\t<\/div>\n\t\t\t\t\t\t\t\t<\/div>\n\t\t\t\t\t\t\t\t\t<\/div>\n\t\t\t\t\t\t\t\t\t\t\t\t\t\t\t\t\t\t\t\t\t<\/div>\n\t\t\t\t<\/div>\n\t\t\t\t\t\t\t\t<\/div>\n\t\t\t\t<\/div>\n\t\t\t\t\t<\/div>\n\t\t<\/div>\n\t\t\t\t<div class=\"elementor-column elementor-col-50 elementor-top-column elementor-element elementor-element-dc671c7\" data-id=\"dc671c7\" data-element_type=\"column\" data-e-type=\"column\">\n\t\t\t<div class=\"elementor-widget-wrap elementor-element-populated\">\n\t\t\t\t\t\t<div class=\"elementor-element elementor-element-bb1dcc5 elementor-align-start elementor-icon-list--layout-traditional elementor-list-item-link-full_width elementor-widget elementor-widget-icon-list\" data-id=\"bb1dcc5\" data-element_type=\"widget\" data-e-type=\"widget\" data-widget_type=\"icon-list.default\">\n\t\t\t\t<div class=\"elementor-widget-container\">\n\t\t\t\t\t\t\t<ul class=\"elementor-icon-list-items\">\n\t\t\t\t\t\t\t<li class=\"elementor-icon-list-item\">\n\t\t\t\t\t\t\t\t\t\t\t<span class=\"elementor-icon-list-icon\">\n\t\t\t\t\t\t\t<i aria-hidden=\"true\" class=\"fas fa-tree\"><\/i>\t\t\t\t\t\t<\/span>\n\t\t\t\t\t\t\t\t\t\t<span class=\"elementor-icon-list-text\"><b>QUALITY WOOD<\/b><i> QUALITA E SERIETA NELLA POSA DEL PAVIMENTO ESTERNO<\/i><\/span>\n\t\t\t\t\t\t\t\t\t<\/li>\n\t\t\t\t\t\t<\/ul>\n\t\t\t\t\t\t<\/div>\n\t\t\t\t<\/div>\n\t\t\t\t<div class=\"elementor-element elementor-element-7075e5ed elementor-widget elementor-widget-heading\" data-id=\"7075e5ed\" data-element_type=\"widget\" data-e-type=\"widget\" data-widget_type=\"heading.default\">\n\t\t\t\t<div class=\"elementor-widget-container\">\n\t\t\t\t\t<h4 class=\"elementor-heading-title elementor-size-default\">Decking<\/h4>\t\t\t\t<\/div>\n\t\t\t\t<\/div>\n\t\t\t\t<div class=\"elementor-element elementor-element-161cf2a8 elementor-widget elementor-widget-text-editor\" data-id=\"161cf2a8\" data-element_type=\"widget\" data-e-type=\"widget\" data-widget_type=\"text-editor.default\">\n\t\t\t\t<div class=\"elementor-widget-container\">\n\t\t\t\t\t\t\t\t\t<p><strong>Quality Wood di Pianfei <\/strong>\u00e8 specializzata per il Decking ; la posa di pavimenti esterni in legno.<\/p><p>Lo staff sapr\u00e0 consigliarti il giusto materiale per rendere i tuoi spazi esterni magnifici.<\/p><p>Cos\u00ec come per i pavimenti interni, anche per il Decking \u00e8 fondamentale l\u2019abilit\u00e0 e la qualit\u00e0 della posa nella realizzazione.<\/p><p>Questa tipologia di pavimenti esterni dovranno essere trattati in modo adeguato con prodotti specifici, che vi consentir\u00e0 di mantenere un aspetto unico dei vostri spazi esterni.<\/p>\t\t\t\t\t\t\t\t<\/div>\n\t\t\t\t<\/div>\n\t\t\t\t<div class=\"elementor-element elementor-element-474cc74e elementor-widget elementor-widget-button\" data-id=\"474cc74e\" data-element_type=\"widget\" data-e-type=\"widget\" data-widget_type=\"button.default\">\n\t\t\t\t<div class=\"elementor-widget-container\">\n\t\t\t\t\t\t\t\t\t<div class=\"elementor-button-wrapper\">\n\t\t\t\t\t<a class=\"elementor-button elementor-button-link elementor-size-sm\" href=\"https:\/\/qualitywood.it\/index.php\/contatti\/\">\n\t\t\t\t\t\t<span class=\"elementor-button-content-wrapper\">\n\t\t\t\t\t\t\t\t\t<span class=\"elementor-button-text\">CONTATTACI<\/span>\n\t\t\t\t\t<\/span>\n\t\t\t\t\t<\/a>\n\t\t\t\t<\/div>\n\t\t\t\t\t\t\t\t<\/div>\n\t\t\t\t<\/div>\n\t\t\t\t\t<\/div>\n\t\t<\/div>\n\t\t\t\t\t<\/div>\n\t\t<\/section>\n\t\t\t\t<section class=\"elementor-section elementor-top-section elementor-element elementor-element-4fbc366 elementor-section-boxed elementor-section-height-default elementor-section-height-default\" data-id=\"4fbc366\" data-element_type=\"section\" data-e-type=\"section\">\n\t\t\t\t\t\t<div class=\"elementor-container elementor-column-gap-default\">\n\t\t\t\t\t<div class=\"elementor-column elementor-col-50 elementor-top-column elementor-element elementor-element-a16d2a0\" data-id=\"a16d2a0\" data-element_type=\"column\" data-e-type=\"column\">\n\t\t\t<div class=\"elementor-widget-wrap elementor-element-populated\">\n\t\t\t\t\t\t<div class=\"elementor-element elementor-element-c131d35 elementor-align-left elementor-widget elementor-widget-button\" data-id=\"c131d35\" data-element_type=\"widget\" data-e-type=\"widget\" data-widget_type=\"button.default\">\n\t\t\t\t<div class=\"elementor-widget-container\">\n\t\t\t\t\t\t\t\t\t<div class=\"elementor-button-wrapper\">\n\t\t\t\t\t<a class=\"elementor-button elementor-button-link elementor-size-md elementor-animation-grow\" href=\"https:\/\/qualitywood.it\/index.php\/montaggio\/\">\n\t\t\t\t\t\t<span class=\"elementor-button-content-wrapper\">\n\t\t\t\t\t\t<span class=\"elementor-button-icon\">\n\t\t\t\t<i aria-hidden=\"true\" class=\"fas fa-angle-left\"><\/i>\t\t\t<\/span>\n\t\t\t\t\t\t\t\t\t<span class=\"elementor-button-text\">Montaggio<\/span>\n\t\t\t\t\t<\/span>\n\t\t\t\t\t<\/a>\n\t\t\t\t<\/div>\n\t\t\t\t\t\t\t\t<\/div>\n\t\t\t\t<\/div>\n\t\t\t\t\t<\/div>\n\t\t<\/div>\n\t\t\t\t<div class=\"elementor-column elementor-col-50 elementor-top-column elementor-element elementor-element-31bd198\" data-id=\"31bd198\" data-element_type=\"column\" data-e-type=\"column\">\n\t\t\t<div class=\"elementor-widget-wrap elementor-element-populated\">\n\t\t\t\t\t\t<div class=\"elementor-element elementor-element-abfab64 elementor-align-right elementor-widget elementor-widget-button\" data-id=\"abfab64\" data-element_type=\"widget\" data-e-type=\"widget\" data-widget_type=\"button.default\">\n\t\t\t\t<div class=\"elementor-widget-container\">\n\t\t\t\t\t\t\t\t\t<div class=\"elementor-button-wrapper\">\n\t\t\t\t\t<a class=\"elementor-button elementor-button-link elementor-size-md elementor-animation-grow\" href=\"https:\/\/qualitywood.it\/index.php\/manutenzion-legno\/\">\n\t\t\t\t\t\t<span class=\"elementor-button-content-wrapper\">\n\t\t\t\t\t\t<span class=\"elementor-button-icon\">\n\t\t\t\t<i aria-hidden=\"true\" class=\"fas fa-angle-right\"><\/i>\t\t\t<\/span>\n\t\t\t\t\t\t\t\t\t<span class=\"elementor-button-text\">Mautenzione Legno<\/span>\n\t\t\t\t\t<\/span>\n\t\t\t\t\t<\/a>\n\t\t\t\t<\/div>\n\t\t\t\t\t\t\t\t<\/div>\n\t\t\t\t<\/div>\n\t\t\t\t\t<\/div>\n\t\t<\/div>\n\t\t\t\t\t<\/div>\n\t\t<\/section>\n\t\t\t\t<\/div>\n\t\t","protected":false},"excerpt":{"rendered":"<p>Decking QUALITY WOOD QUALITA E SERIETA NELLA POSA DEL PAVIMENTO ESTERNO Decking Quality Wood di Pianfei \u00e8 specializzata per il Decking ; la posa di pavimenti esterni in legno. Lo staff sapr\u00e0 consigliarti il giusto materiale per rendere i tuoi spazi esterni magnifici. Cos\u00ec come per i pavimenti interni, anche per il Decking \u00e8 fondamentale [&hellip;]<\/p>\n","protected":false},"author":3,"featured_media":0,"parent":0,"menu_order":0,"comment_status":"closed","ping_status":"closed","template":"elementor_header_footer","meta":{"footnotes":""},"class_list":["post-126","page","type-page","status-publish","hentry"],"yoast_head":"<!-- This site is optimized with the Yoast SEO plugin v27.3 - https:\/\/yoast.com\/product\/yoast-seo-wordpress\/ -->\n<title>Decking - Quality Wood<\/title>\n<meta name=\"robots\" content=\"index, follow, max-snippet:-1, max-image-preview:large, max-video-preview:-1\" \/>\n<link rel=\"canonical\" href=\"https:\/\/qualitywood.it\/index.php\/decking\/\" \/>\n<meta property=\"og:locale\" content=\"it_IT\" \/>\n<meta property=\"og:type\" content=\"article\" \/>\n<meta property=\"og:title\" content=\"Decking - Quality Wood\" \/>\n<meta property=\"og:description\" content=\"Decking QUALITY WOOD QUALITA E SERIETA NELLA POSA DEL PAVIMENTO ESTERNO Decking Quality Wood di Pianfei \u00e8 specializzata per il Decking ; la posa di pavimenti esterni in legno. Lo staff sapr\u00e0 consigliarti il giusto materiale per rendere i tuoi spazi esterni magnifici. Cos\u00ec come per i pavimenti interni, anche per il Decking \u00e8 fondamentale [&hellip;]\" \/>\n<meta property=\"og:url\" content=\"https:\/\/qualitywood.it\/index.php\/decking\/\" \/>\n<meta property=\"og:site_name\" content=\"Quality Wood\" \/>\n<meta property=\"article:modified_time\" content=\"2022-06-16T16:15:19+00:00\" \/>\n<meta name=\"twitter:card\" content=\"summary_large_image\" \/>\n<meta name=\"twitter:label1\" content=\"Tempo di lettura stimato\" \/>\n\t<meta name=\"twitter:data1\" content=\"1 minuto\" \/>\n<script type=\"application\/ld+json\" class=\"yoast-schema-graph\">{\"@context\":\"https:\\\/\\\/schema.org\",\"@graph\":[{\"@type\":\"WebPage\",\"@id\":\"https:\\\/\\\/qualitywood.it\\\/index.php\\\/decking\\\/\",\"url\":\"https:\\\/\\\/qualitywood.it\\\/index.php\\\/decking\\\/\",\"name\":\"Decking - Quality Wood\",\"isPartOf\":{\"@id\":\"https:\\\/\\\/qualitywood.it\\\/#website\"},\"datePublished\":\"2022-05-26T13:14:52+00:00\",\"dateModified\":\"2022-06-16T16:15:19+00:00\",\"breadcrumb\":{\"@id\":\"https:\\\/\\\/qualitywood.it\\\/index.php\\\/decking\\\/#breadcrumb\"},\"inLanguage\":\"it-IT\",\"potentialAction\":[{\"@type\":\"ReadAction\",\"target\":[\"https:\\\/\\\/qualitywood.it\\\/index.php\\\/decking\\\/\"]}]},{\"@type\":\"BreadcrumbList\",\"@id\":\"https:\\\/\\\/qualitywood.it\\\/index.php\\\/decking\\\/#breadcrumb\",\"itemListElement\":[{\"@type\":\"ListItem\",\"position\":1,\"name\":\"Home\",\"item\":\"https:\\\/\\\/qualitywood.it\\\/\"},{\"@type\":\"ListItem\",\"position\":2,\"name\":\"Decking\"}]},{\"@type\":\"WebSite\",\"@id\":\"https:\\\/\\\/qualitywood.it\\\/#website\",\"url\":\"https:\\\/\\\/qualitywood.it\\\/\",\"name\":\"Quality Wood\",\"description\":\"\",\"publisher\":{\"@id\":\"https:\\\/\\\/qualitywood.it\\\/#organization\"},\"potentialAction\":[{\"@type\":\"SearchAction\",\"target\":{\"@type\":\"EntryPoint\",\"urlTemplate\":\"https:\\\/\\\/qualitywood.it\\\/?s={search_term_string}\"},\"query-input\":{\"@type\":\"PropertyValueSpecification\",\"valueRequired\":true,\"valueName\":\"search_term_string\"}}],\"inLanguage\":\"it-IT\"},{\"@type\":\"Organization\",\"@id\":\"https:\\\/\\\/qualitywood.it\\\/#organization\",\"name\":\"Quality Wood\",\"url\":\"https:\\\/\\\/qualitywood.it\\\/\",\"logo\":{\"@type\":\"ImageObject\",\"inLanguage\":\"it-IT\",\"@id\":\"https:\\\/\\\/qualitywood.it\\\/#\\\/schema\\\/logo\\\/image\\\/\",\"url\":\"https:\\\/\\\/qualitywood.it\\\/wp-content\\\/uploads\\\/2022\\\/05\\\/cropped-02-quality-wood.png\",\"contentUrl\":\"https:\\\/\\\/qualitywood.it\\\/wp-content\\\/uploads\\\/2022\\\/05\\\/cropped-02-quality-wood.png\",\"width\":1999,\"height\":919,\"caption\":\"Quality Wood\"},\"image\":{\"@id\":\"https:\\\/\\\/qualitywood.it\\\/#\\\/schema\\\/logo\\\/image\\\/\"}}]}<\/script>\n<!-- \/ Yoast SEO plugin. -->","yoast_head_json":{"title":"Decking - Quality Wood","robots":{"index":"index","follow":"follow","max-snippet":"max-snippet:-1","max-image-preview":"max-image-preview:large","max-video-preview":"max-video-preview:-1"},"canonical":"https:\/\/qualitywood.it\/index.php\/decking\/","og_locale":"it_IT","og_type":"article","og_title":"Decking - Quality Wood","og_description":"Decking QUALITY WOOD QUALITA E SERIETA NELLA POSA DEL PAVIMENTO ESTERNO Decking Quality Wood di Pianfei \u00e8 specializzata per il Decking ; la posa di pavimenti esterni in legno. Lo staff sapr\u00e0 consigliarti il giusto materiale per rendere i tuoi spazi esterni magnifici. Cos\u00ec come per i pavimenti interni, anche per il Decking \u00e8 fondamentale [&hellip;]","og_url":"https:\/\/qualitywood.it\/index.php\/decking\/","og_site_name":"Quality Wood","article_modified_time":"2022-06-16T16:15:19+00:00","twitter_card":"summary_large_image","twitter_misc":{"Tempo di lettura stimato":"1 minuto"},"schema":{"@context":"https:\/\/schema.org","@graph":[{"@type":"WebPage","@id":"https:\/\/qualitywood.it\/index.php\/decking\/","url":"https:\/\/qualitywood.it\/index.php\/decking\/","name":"Decking - Quality Wood","isPartOf":{"@id":"https:\/\/qualitywood.it\/#website"},"datePublished":"2022-05-26T13:14:52+00:00","dateModified":"2022-06-16T16:15:19+00:00","breadcrumb":{"@id":"https:\/\/qualitywood.it\/index.php\/decking\/#breadcrumb"},"inLanguage":"it-IT","potentialAction":[{"@type":"ReadAction","target":["https:\/\/qualitywood.it\/index.php\/decking\/"]}]},{"@type":"BreadcrumbList","@id":"https:\/\/qualitywood.it\/index.php\/decking\/#breadcrumb","itemListElement":[{"@type":"ListItem","position":1,"name":"Home","item":"https:\/\/qualitywood.it\/"},{"@type":"ListItem","position":2,"name":"Decking"}]},{"@type":"WebSite","@id":"https:\/\/qualitywood.it\/#website","url":"https:\/\/qualitywood.it\/","name":"Quality Wood","description":"","publisher":{"@id":"https:\/\/qualitywood.it\/#organization"},"potentialAction":[{"@type":"SearchAction","target":{"@type":"EntryPoint","urlTemplate":"https:\/\/qualitywood.it\/?s={search_term_string}"},"query-input":{"@type":"PropertyValueSpecification","valueRequired":true,"valueName":"search_term_string"}}],"inLanguage":"it-IT"},{"@type":"Organization","@id":"https:\/\/qualitywood.it\/#organization","name":"Quality Wood","url":"https:\/\/qualitywood.it\/","logo":{"@type":"ImageObject","inLanguage":"it-IT","@id":"https:\/\/qualitywood.it\/#\/schema\/logo\/image\/","url":"https:\/\/qualitywood.it\/wp-content\/uploads\/2022\/05\/cropped-02-quality-wood.png","contentUrl":"https:\/\/qualitywood.it\/wp-content\/uploads\/2022\/05\/cropped-02-quality-wood.png","width":1999,"height":919,"caption":"Quality Wood"},"image":{"@id":"https:\/\/qualitywood.it\/#\/schema\/logo\/image\/"}}]}},"_links":{"self":[{"href":"https:\/\/qualitywood.it\/index.php\/wp-json\/wp\/v2\/pages\/126","targetHints":{"allow":["GET"]}}],"collection":[{"href":"https:\/\/qualitywood.it\/index.php\/wp-json\/wp\/v2\/pages"}],"about":[{"href":"https:\/\/qualitywood.it\/index.php\/wp-json\/wp\/v2\/types\/page"}],"author":[{"embeddable":true,"href":"https:\/\/qualitywood.it\/index.php\/wp-json\/wp\/v2\/users\/3"}],"replies":[{"embeddable":true,"href":"https:\/\/qualitywood.it\/index.php\/wp-json\/wp\/v2\/comments?post=126"}],"version-history":[{"count":37,"href":"https:\/\/qualitywood.it\/index.php\/wp-json\/wp\/v2\/pages\/126\/revisions"}],"predecessor-version":[{"id":743,"href":"https:\/\/qualitywood.it\/index.php\/wp-json\/wp\/v2\/pages\/126\/revisions\/743"}],"wp:attachment":[{"href":"https:\/\/qualitywood.it\/index.php\/wp-json\/wp\/v2\/media?parent=126"}],"curies":[{"name":"wp","href":"https:\/\/api.w.org\/{rel}","templated":true}]}}